{"id":688,"date":"2024-04-05T14:24:31","date_gmt":"2024-04-05T14:24:31","guid":{"rendered":"https:\/\/michelefrigieri.eu\/consultation-et-psychotherapie\/dependance-affective-et-sexuelle\/"},"modified":"2025-08-01T09:31:45","modified_gmt":"2025-08-01T09:31:45","slug":"dependance-affective-et-sexuelle","status":"publish","type":"page","link":"https:\/\/michelefrigieri.eu\/fr\/consultation-et-psychotherapie\/dependance-affective-et-sexuelle\/","title":{"rendered":"D\u00e9pendance affective et sexuelle"},"content":{"rendered":"[vc_row type=\u00a0\u00bbin_container\u00a0\u00bb full_screen_row_position=\u00a0\u00bbmiddle\u00a0\u00bb column_margin=\u00a0\u00bbdefault\u00a0\u00bb column_direction=\u00a0\u00bbdefault\u00a0\u00bb column_direction_tablet=\u00a0\u00bbdefault\u00a0\u00bb column_direction_phone=\u00a0\u00bbdefault\u00a0\u00bb scene_position=\u00a0\u00bbcenter\u00a0\u00bb text_color=\u00a0\u00bbdark\u00a0\u00bb text_align=\u00a0\u00bbleft\u00a0\u00bb row_border_radius=\u00a0\u00bbnone\u00a0\u00bb row_border_radius_applies=\u00a0\u00bbbg\u00a0\u00bb overflow=\u00a0\u00bbvisible\u00a0\u00bb overlay_strength=\u00a0\u00bb0.3&Prime; gradient_direction=\u00a0\u00bbleft_to_right\u00a0\u00bb shape_divider_position=\u00a0\u00bbtop\u00a0\u00bb bg_image_animation=\u00a0\u00bbslight-zoom-out-reveal\u00a0\u00bb gradient_type=\u00a0\u00bbdefault\u00a0\u00bb shape_type=\u00a0\u00bbspeech\u00a0\u00bb][vc_column top_padding_desktop=\u00a0\u00bb10%\u00a0\u00bb left_padding_desktop=\u00a0\u00bb10%\u00a0\u00bb right_padding_desktop=\u00a0\u00bb10%\u00a0\u00bb column_element_direction_desktop=\u00a0\u00bbdefault\u00a0\u00bb column_element_spacing=\u00a0\u00bbdefault\u00a0\u00bb desktop_text_alignment=\u00a0\u00bbdefault\u00a0\u00bb tablet_text_alignment=\u00a0\u00bbdefault\u00a0\u00bb phone_text_alignment=\u00a0\u00bbdefault\u00a0\u00bb background_color_opacity=\u00a0\u00bb1&Prime; background_hover_color_opacity=\u00a0\u00bb1&Prime; column_backdrop_filter=\u00a0\u00bbnone\u00a0\u00bb column_shadow=\u00a0\u00bbnone\u00a0\u00bb column_border_radius=\u00a0\u00bbnone\u00a0\u00bb column_link_target=\u00a0\u00bb_self\u00a0\u00bb column_position=\u00a0\u00bbdefault\u00a0\u00bb gradient_direction=\u00a0\u00bbleft_to_right\u00a0\u00bb overlay_strength=\u00a0\u00bb0.3&Prime; width=\u00a0\u00bb1\/1&Prime; tablet_width_inherit=\u00a0\u00bbdefault\u00a0\u00bb animation_type=\u00a0\u00bbdefault\u00a0\u00bb bg_image_animation=\u00a0\u00bbnone\u00a0\u00bb border_type=\u00a0\u00bbsimple\u00a0\u00bb column_border_width=\u00a0\u00bbnone\u00a0\u00bb column_border_style=\u00a0\u00bbsolid\u00a0\u00bb column_padding_type=\u00a0\u00bbadvanced\u00a0\u00bb gradient_type=\u00a0\u00bbdefault\u00a0\u00bb][heading]\n<h3 style=\"text-align: center;\">D\u00c9PENDANCE AFFECTIVE<\/h3>\n[\/heading][vc_column_text css=\u00a0\u00bb\u00a0\u00bb text_direction=\u00a0\u00bbdefault\u00a0\u00bb]\n<p style=\"text-align: center;\">Caract\u00e9ris\u00e9e par des relations dans lesquelles le sentiment amoureux peut devenir obsessionnel et\/ou rechercher des modes symbiotiques et fusionnels. Elle se manifeste le plus facilement dans une relation entre partenaires adultes, bien qu&rsquo;elle puisse \u00e9galement se d\u00e9velopper entre un parent et son enfant, ou entre un m\u00e9decin et son patient. La personne peut vivre dans la crainte constante d&rsquo;\u00eatre abandonn\u00e9e ou insuffisamment d\u00e9sir\u00e9e ou aim\u00e9e. L&rsquo;implication \u00e9motionnelle est si intense qu&rsquo;elle emp\u00eache parfois de s&rsquo;adonner \u00e0 des loisirs, de vivre une vie sociale sans partenaire ou, dans les cas les plus graves, d&rsquo;influencer n\u00e9gativement l\u2019activit\u00e9 professionnelle. Les pens\u00e9es n\u00e9gatives envers soi-m\u00eame, les sentiments de culpabilit\u00e9 et de tristesse sont fr\u00e9quents.<\/p>\n[\/vc_column_text][\/vc_column][\/vc_row][vc_row type=\u00a0\u00bbin_container\u00a0\u00bb full_screen_row_position=\u00a0\u00bbmiddle\u00a0\u00bb column_margin=\u00a0\u00bbdefault\u00a0\u00bb column_direction=\u00a0\u00bbdefault\u00a0\u00bb column_direction_tablet=\u00a0\u00bbdefault\u00a0\u00bb column_direction_phone=\u00a0\u00bbdefault\u00a0\u00bb scene_position=\u00a0\u00bbcenter\u00a0\u00bb text_color=\u00a0\u00bbdark\u00a0\u00bb text_align=\u00a0\u00bbleft\u00a0\u00bb row_border_radius=\u00a0\u00bbnone\u00a0\u00bb row_border_radius_applies=\u00a0\u00bbbg\u00a0\u00bb overflow=\u00a0\u00bbvisible\u00a0\u00bb overlay_strength=\u00a0\u00bb0.3&Prime; gradient_direction=\u00a0\u00bbleft_to_right\u00a0\u00bb shape_divider_position=\u00a0\u00bbtop\u00a0\u00bb bg_image_animation=\u00a0\u00bbslight-zoom-out-reveal\u00a0\u00bb gradient_type=\u00a0\u00bbdefault\u00a0\u00bb shape_type=\u00a0\u00bbspeech\u00a0\u00bb][vc_column top_padding_desktop=\u00a0\u00bb10%\u00a0\u00bb left_padding_desktop=\u00a0\u00bb10%\u00a0\u00bb right_padding_desktop=\u00a0\u00bb10%\u00a0\u00bb column_element_direction_desktop=\u00a0\u00bbdefault\u00a0\u00bb column_element_spacing=\u00a0\u00bbdefault\u00a0\u00bb desktop_text_alignment=\u00a0\u00bbdefault\u00a0\u00bb tablet_text_alignment=\u00a0\u00bbdefault\u00a0\u00bb phone_text_alignment=\u00a0\u00bbdefault\u00a0\u00bb background_color_opacity=\u00a0\u00bb1&Prime; background_hover_color_opacity=\u00a0\u00bb1&Prime; column_backdrop_filter=\u00a0\u00bbnone\u00a0\u00bb column_shadow=\u00a0\u00bbnone\u00a0\u00bb column_border_radius=\u00a0\u00bbnone\u00a0\u00bb column_link_target=\u00a0\u00bb_self\u00a0\u00bb column_position=\u00a0\u00bbdefault\u00a0\u00bb gradient_direction=\u00a0\u00bbleft_to_right\u00a0\u00bb overlay_strength=\u00a0\u00bb0.3&Prime; width=\u00a0\u00bb1\/1&Prime; tablet_width_inherit=\u00a0\u00bbdefault\u00a0\u00bb animation_type=\u00a0\u00bbdefault\u00a0\u00bb bg_image_animation=\u00a0\u00bbnone\u00a0\u00bb border_type=\u00a0\u00bbsimple\u00a0\u00bb column_border_width=\u00a0\u00bbnone\u00a0\u00bb column_border_style=\u00a0\u00bbsolid\u00a0\u00bb column_padding_type=\u00a0\u00bbadvanced\u00a0\u00bb gradient_type=\u00a0\u00bbdefault\u00a0\u00bb][heading]\n<h3 style=\"text-align: center;\">D\u00c9PENDANCE SEXUELLE<\/h3>\n[\/heading][vc_column_text css=\u00a0\u00bb\u00a0\u00bb text_direction=\u00a0\u00bbdefault\u00a0\u00bb]\n<p style=\"text-align: center;\">\u00c9tat dans lequel une personne est incapable de g\u00e9rer et de contr\u00f4ler son comportement sexuel, ce qui pourrait entra\u00eener des r\u00e9percussions n\u00e9gatives sur les relations affectives et la sph\u00e8re socioprofessionnelle. Il peut s&rsquo;agir d&rsquo;un usage excessif de la pornographie, du cybersexe, d&rsquo;une masturbation compulsive ou du besoin d&rsquo;avoir des relations sexuelles fr\u00e9quentes avec diff\u00e9rents partenaires.<\/p>\n[\/vc_column_text][\/vc_column][\/vc_row]\n","protected":false},"excerpt":{"rendered":"<p>[vc_row type=\u00a0\u00bbin_container\u00a0\u00bb full_screen_row_position=\u00a0\u00bbmiddle\u00a0\u00bb column_margin=\u00a0\u00bbdefault\u00a0\u00bb column_direction=\u00a0\u00bbdefault\u00a0\u00bb column_direction_tablet=\u00a0\u00bbdefault\u00a0\u00bb column_direction_phone=\u00a0\u00bbdefault\u00a0\u00bb scene_position=\u00a0\u00bbcenter\u00a0\u00bb text_color=\u00a0\u00bbdark\u00a0\u00bb text_align=\u00a0\u00bbleft\u00a0\u00bb row_border_radius=\u00a0\u00bbnone\u00a0\u00bb row_border_radius_applies=\u00a0\u00bbbg\u00a0\u00bb overflow=\u00a0\u00bbvisible\u00a0\u00bb overlay_strength=\u00a0\u00bb0.3&Prime; gradient_direction=\u00a0\u00bbleft_to_right\u00a0\u00bb shape_divider_position=\u00a0\u00bbtop\u00a0\u00bb bg_image_animation=\u00a0\u00bbslight-zoom-out-reveal\u00a0\u00bb gradient_type=\u00a0\u00bbdefault\u00a0\u00bb shape_type=\u00a0\u00bbspeech\u00a0\u00bb][vc_column top_padding_desktop=\u00a0\u00bb10%\u00a0\u00bb left_padding_desktop=\u00a0\u00bb10%\u00a0\u00bb right_padding_desktop=\u00a0\u00bb10%\u00a0\u00bb column_element_direction_desktop=\u00a0\u00bbdefault\u00a0\u00bb column_element_spacing=\u00a0\u00bbdefault\u00a0\u00bb desktop_text_alignment=\u00a0\u00bbdefault\u00a0\u00bb tablet_text_alignment=\u00a0\u00bbdefault\u00a0\u00bb phone_text_alignment=\u00a0\u00bbdefault\u00a0\u00bb background_color_opacity=\u00a0\u00bb1&Prime; background_hover_color_opacity=\u00a0\u00bb1&Prime; column_backdrop_filter=\u00a0\u00bbnone\u00a0\u00bb&#8230;<\/p>\n","protected":false},"author":3,"featured_media":0,"parent":681,"menu_order":0,"comment_status":"closed","ping_status":"closed","template":"","meta":{"footnotes":""},"class_list":["post-688","page","type-page","status-publish"],"_links":{"self":[{"href":"https:\/\/michelefrigieri.eu\/fr\/wp-json\/wp\/v2\/pages\/688","targetHints":{"allow":["GET"]}}],"collection":[{"href":"https:\/\/michelefrigieri.eu\/fr\/wp-json\/wp\/v2\/pages"}],"about":[{"href":"https:\/\/michelefrigieri.eu\/fr\/wp-json\/wp\/v2\/types\/page"}],"author":[{"embeddable":true,"href":"https:\/\/michelefrigieri.eu\/fr\/wp-json\/wp\/v2\/users\/3"}],"replies":[{"embeddable":true,"href":"https:\/\/michelefrigieri.eu\/fr\/wp-json\/wp\/v2\/comments?post=688"}],"version-history":[{"count":2,"href":"https:\/\/michelefrigieri.eu\/fr\/wp-json\/wp\/v2\/pages\/688\/revisions"}],"predecessor-version":[{"id":690,"href":"https:\/\/michelefrigieri.eu\/fr\/wp-json\/wp\/v2\/pages\/688\/revisions\/690"}],"up":[{"embeddable":true,"href":"https:\/\/michelefrigieri.eu\/fr\/wp-json\/wp\/v2\/pages\/681"}],"wp:attachment":[{"href":"https:\/\/michelefrigieri.eu\/fr\/wp-json\/wp\/v2\/media?parent=688"}],"curies":[{"name":"wp","href":"https:\/\/api.w.org\/{rel}","templated":true}]}}