{"id":691,"date":"2024-04-05T14:21:38","date_gmt":"2024-04-05T14:21:38","guid":{"rendered":"https:\/\/michelefrigieri.eu\/consultation-et-psychotherapie\/dysfonctions-sexuels\/"},"modified":"2025-08-01T09:37:52","modified_gmt":"2025-08-01T09:37:52","slug":"dysfonctions-sexuels","status":"publish","type":"page","link":"https:\/\/michelefrigieri.eu\/fr\/consultation-et-psychotherapie\/dysfonctions-sexuels\/","title":{"rendered":"Dysfonctions sexuels"},"content":{"rendered":"[vc_row type=\u00a0\u00bbin_container\u00a0\u00bb full_screen_row_position=\u00a0\u00bbmiddle\u00a0\u00bb column_margin=\u00a0\u00bbdefault\u00a0\u00bb column_direction=\u00a0\u00bbdefault\u00a0\u00bb column_direction_tablet=\u00a0\u00bbdefault\u00a0\u00bb column_direction_phone=\u00a0\u00bbdefault\u00a0\u00bb scene_position=\u00a0\u00bbcenter\u00a0\u00bb text_color=\u00a0\u00bbdark\u00a0\u00bb text_align=\u00a0\u00bbleft\u00a0\u00bb row_border_radius=\u00a0\u00bbnone\u00a0\u00bb row_border_radius_applies=\u00a0\u00bbbg\u00a0\u00bb overflow=\u00a0\u00bbvisible\u00a0\u00bb overlay_strength=\u00a0\u00bb0.3&Prime; gradient_direction=\u00a0\u00bbleft_to_right\u00a0\u00bb shape_divider_position=\u00a0\u00bbbottom\u00a0\u00bb bg_image_animation=\u00a0\u00bbnone\u00a0\u00bb][vc_column top_padding_desktop=\u00a0\u00bb10%\u00a0\u00bb left_padding_desktop=\u00a0\u00bb10%\u00a0\u00bb right_padding_desktop=\u00a0\u00bb10%\u00a0\u00bb column_element_direction_desktop=\u00a0\u00bbdefault\u00a0\u00bb column_element_spacing=\u00a0\u00bbdefault\u00a0\u00bb desktop_text_alignment=\u00a0\u00bbdefault\u00a0\u00bb tablet_text_alignment=\u00a0\u00bbdefault\u00a0\u00bb phone_text_alignment=\u00a0\u00bbdefault\u00a0\u00bb background_color_opacity=\u00a0\u00bb1&Prime; background_hover_color_opacity=\u00a0\u00bb1&Prime; column_backdrop_filter=\u00a0\u00bbnone\u00a0\u00bb column_shadow=\u00a0\u00bbnone\u00a0\u00bb column_border_radius=\u00a0\u00bbnone\u00a0\u00bb column_link_target=\u00a0\u00bb_self\u00a0\u00bb column_position=\u00a0\u00bbdefault\u00a0\u00bb gradient_direction=\u00a0\u00bbleft_to_right\u00a0\u00bb overlay_strength=\u00a0\u00bb0.3&Prime; width=\u00a0\u00bb1\/1&Prime; tablet_width_inherit=\u00a0\u00bbdefault\u00a0\u00bb animation_type=\u00a0\u00bbdefault\u00a0\u00bb bg_image_animation=\u00a0\u00bbnone\u00a0\u00bb border_type=\u00a0\u00bbsimple\u00a0\u00bb column_border_width=\u00a0\u00bbnone\u00a0\u00bb column_border_style=\u00a0\u00bbsolid\u00a0\u00bb column_padding_type=\u00a0\u00bbadvanced\u00a0\u00bb gradient_type=\u00a0\u00bbdefault\u00a0\u00bb][heading]\n<h3 style=\"text-align: center;\">DYSFONCTIONS SEXUELS<\/h3>\n[\/heading][\/vc_column][\/vc_row][vc_row type=\u00a0\u00bbin_container\u00a0\u00bb full_screen_row_position=\u00a0\u00bbmiddle\u00a0\u00bb column_margin=\u00a0\u00bbdefault\u00a0\u00bb column_direction=\u00a0\u00bbdefault\u00a0\u00bb column_direction_tablet=\u00a0\u00bbdefault\u00a0\u00bb column_direction_phone=\u00a0\u00bbdefault\u00a0\u00bb scene_position=\u00a0\u00bbcenter\u00a0\u00bb text_color=\u00a0\u00bbdark\u00a0\u00bb text_align=\u00a0\u00bbleft\u00a0\u00bb row_border_radius=\u00a0\u00bbnone\u00a0\u00bb row_border_radius_applies=\u00a0\u00bbbg\u00a0\u00bb overflow=\u00a0\u00bbvisible\u00a0\u00bb overlay_strength=\u00a0\u00bb0.3&Prime; gradient_direction=\u00a0\u00bbleft_to_right\u00a0\u00bb shape_divider_position=\u00a0\u00bbbottom\u00a0\u00bb bg_image_animation=\u00a0\u00bbnone\u00a0\u00bb][vc_column top_padding_desktop=\u00a0\u00bb3%\u00a0\u00bb left_padding_desktop=\u00a0\u00bb10%\u00a0\u00bb right_padding_desktop=\u00a0\u00bb10%\u00a0\u00bb column_element_direction_desktop=\u00a0\u00bbdefault\u00a0\u00bb column_element_spacing=\u00a0\u00bbdefault\u00a0\u00bb desktop_text_alignment=\u00a0\u00bbdefault\u00a0\u00bb tablet_text_alignment=\u00a0\u00bbdefault\u00a0\u00bb phone_text_alignment=\u00a0\u00bbdefault\u00a0\u00bb background_color_opacity=\u00a0\u00bb1&Prime; background_hover_color_opacity=\u00a0\u00bb1&Prime; column_backdrop_filter=\u00a0\u00bbnone\u00a0\u00bb column_shadow=\u00a0\u00bbnone\u00a0\u00bb column_border_radius=\u00a0\u00bbnone\u00a0\u00bb column_link_target=\u00a0\u00bb_self\u00a0\u00bb column_position=\u00a0\u00bbdefault\u00a0\u00bb gradient_direction=\u00a0\u00bbleft_to_right\u00a0\u00bb overlay_strength=\u00a0\u00bb0.3&Prime; width=\u00a0\u00bb1\/1&Prime; tablet_width_inherit=\u00a0\u00bbdefault\u00a0\u00bb animation_type=\u00a0\u00bbdefault\u00a0\u00bb bg_image_animation=\u00a0\u00bbnone\u00a0\u00bb border_type=\u00a0\u00bbsimple\u00a0\u00bb column_border_width=\u00a0\u00bbnone\u00a0\u00bb column_border_style=\u00a0\u00bbsolid\u00a0\u00bb column_padding_type=\u00a0\u00bbadvanced\u00a0\u00bb gradient_type=\u00a0\u00bbdefault\u00a0\u00bb][vc_column_text css=\u00a0\u00bb\u00a0\u00bb text_direction=\u00a0\u00bbdefault\u00a0\u00bb]\n<p style=\"text-align: center;\">La sexualit\u00e9, les fantasmes et les comportements sexuels sont, avec la vie affective, repr\u00e9sentatifs du v\u00e9cu \u00e9motionnel et des exp\u00e9riences de chacun, parfois r\u00e9v\u00e9lateurs de souffrances profondes ou de d\u00e9fenses mises en place inconsciemment. Certaines difficult\u00e9s peuvent \u00e9merger et se manifester chez un individu ou un couple \u00e0 un moment pr\u00e9cis de la relation \u00e0 travers des dysfonctions sexuels (trouble du d\u00e9sir, d\u00e9ficit \u00e9rectile, \u00e9jaculation pr\u00e9coce, anorgasmie, etc.), des fantasmes sexuels r\u00e9currents, une consommation r\u00e9guli\u00e8re de drogues dans un contexte sexuel, une d\u00e9pendance affective ou sexuelle. <\/p>\n[\/vc_column_text][vc_column_text css=\u00a0\u00bb.vc_custom_1742743321963{padding-top: 5% !important;padding-bottom: 5% !important;}\u00a0\u00bb text_direction=\u00a0\u00bbdefault\u00a0\u00bb]\n<h4 class=\"wp-block-heading has-text-align-center has-text-color has-link-color has-abibas-font-family wp-elements-87d96e4947ba4ec0758db784a0ab554e\" style=\"text-align: center;\">Trouble du d\u00e9sir<\/h4>\n<p class=\"has-text-align-center has-text-color has-link-color has-bryndan-write-font-family wp-elements-e5789f585e4bd207419cf2dcbe2e70d6\" style=\"text-align: center;\">Absence de fantasmes, de pens\u00e9es et de d\u00e9sirs sexuels, parfois associ\u00e9e \u00e0 un d\u00e9ficit \u00e9rectile ou \u00e0 l&rsquo;arriv\u00e9e de la m\u00e9nopause.<\/p>\n<div class=\"wp-block-spacer\" style=\"text-align: center;\" aria-hidden=\"true\"><\/div>\n<h4 class=\"wp-block-heading has-text-align-center has-text-color has-link-color has-abibas-font-family wp-elements-38fdbc54229848ba9f980f1da4cdd1c8\" style=\"text-align: center;\">D\u00e9ficit \u00e9rectile<\/h4>\n<p class=\"has-text-align-center has-text-color has-link-color has-bryndan-write-font-family wp-elements-531cceaeb64e87645c2b98f3f20fd6bb\" style=\"text-align: center;\">Manque d&rsquo;\u00e9rection qui peut appara\u00eetre lors des pr\u00e9liminaires, au d\u00e9but du rapport sexuel ou lors de la p\u00e9n\u00e9tration.<\/p>\n<div class=\"wp-block-spacer\" style=\"text-align: center;\" aria-hidden=\"true\"><\/div>\n<h4 class=\"wp-block-heading has-text-align-center has-text-color has-link-color has-abibas-font-family wp-elements-b41d518fd4ceda34444785b23a06cb44\" style=\"text-align: center;\">Anorgasmie<\/h4>\n<p class=\"has-text-align-center has-text-color has-link-color has-bryndan-write-font-family wp-elements-a7c5e7ca3e4c70ca6cde1dc69af804f3\" style=\"text-align: center;\">Difficult\u00e9 \u00e0 atteindre l&rsquo;orgasme, pouvant survenir aussi bien pendant la masturbation que pendant les rapports sexuels.<\/p>\n<div class=\"wp-block-spacer\" style=\"text-align: center;\" aria-hidden=\"true\"><\/div>\n<h4 class=\"wp-block-heading has-text-align-center has-text-color has-link-color has-abibas-font-family wp-elements-7e7b7f2cd52dbfbba6115b81979f3079\" style=\"text-align: center;\">\u00c9jaculation pr\u00e9coce<\/h4>\n<p class=\"has-text-align-center has-text-color has-link-color has-bryndan-write-font-family wp-elements-40d171abc0a14bdbf6e37c1d0e6c97ee\" style=\"text-align: center;\">\u00c9jaculation soudaine et incontr\u00f4lable, pouvant survenir aussi bien pendant la masturbation que pendant les rapports sexuels.<\/p>\n<div class=\"wp-block-spacer\" style=\"text-align: center;\" aria-hidden=\"true\"><\/div>\n<h4 class=\"wp-block-heading has-text-align-center has-text-color has-link-color has-abibas-font-family wp-elements-fb1c01f10eb2ccbefed447452d58aabb\" style=\"text-align: center;\">Dyspareunie<\/h4>\n<p class=\"has-text-align-center has-text-color has-link-color has-bryndan-write-font-family wp-elements-39345c886a62acc497ecc00fa1548a7c\" style=\"text-align: center;\">Douleur f\u00e9minine apparaissant lors de la p\u00e9n\u00e9tration; la contraction n&rsquo;est pas envahissante au point d&#8217;emp\u00eacher la p\u00e9n\u00e9tration.<\/p>\n<div class=\"wp-block-spacer\" style=\"text-align: center;\" aria-hidden=\"true\"><\/div>\n<h4 class=\"wp-block-heading has-text-align-center has-text-color has-link-color has-abibas-font-family wp-elements-61de1fe29288ce17c1ed24d7e37b1c17\" style=\"text-align: center;\">Vaginisme<\/h4>\n<p class=\"has-text-align-center has-text-color has-link-color has-bryndan-write-font-family wp-elements-a0aa5f8ae9028416702fd4b11bf8f940\" style=\"text-align: center;\">Contraction musculaire involontaire du vagin qui rend la p\u00e9n\u00e9tration difficile ou impossible.<\/p>\n<div class=\"wp-block-spacer\" style=\"text-align: center;\" aria-hidden=\"true\"><\/div>\n<h4 class=\"wp-block-heading has-text-align-center has-text-color has-link-color has-abibas-font-family wp-elements-4597039eac0cca687505db5423d7db9c\" style=\"text-align: center;\">Vulvodynie<\/h4>\n<p class=\"has-text-align-center has-text-color has-link-color has-bryndan-write-font-family wp-elements-e1fb743422fb22fa60052ff7ce6b1ab5\" style=\"text-align: center;\">Douleur vulvaire qui se manifeste par une br\u00fblure et une douleur intense; la douleur est localis\u00e9e au niveau des grandes l\u00e8vres et du clitoris.<\/p>\n[\/vc_column_text][\/vc_column][\/vc_row]\n","protected":false},"excerpt":{"rendered":"<p>[vc_row type=\u00a0\u00bbin_container\u00a0\u00bb full_screen_row_position=\u00a0\u00bbmiddle\u00a0\u00bb column_margin=\u00a0\u00bbdefault\u00a0\u00bb column_direction=\u00a0\u00bbdefault\u00a0\u00bb column_direction_tablet=\u00a0\u00bbdefault\u00a0\u00bb column_direction_phone=\u00a0\u00bbdefault\u00a0\u00bb scene_position=\u00a0\u00bbcenter\u00a0\u00bb text_color=\u00a0\u00bbdark\u00a0\u00bb text_align=\u00a0\u00bbleft\u00a0\u00bb row_border_radius=\u00a0\u00bbnone\u00a0\u00bb row_border_radius_applies=\u00a0\u00bbbg\u00a0\u00bb overflow=\u00a0\u00bbvisible\u00a0\u00bb overlay_strength=\u00a0\u00bb0.3&Prime; gradient_direction=\u00a0\u00bbleft_to_right\u00a0\u00bb shape_divider_position=\u00a0\u00bbbottom\u00a0\u00bb bg_image_animation=\u00a0\u00bbnone\u00a0\u00bb][vc_column top_padding_desktop=\u00a0\u00bb10%\u00a0\u00bb left_padding_desktop=\u00a0\u00bb10%\u00a0\u00bb right_padding_desktop=\u00a0\u00bb10%\u00a0\u00bb column_element_direction_desktop=\u00a0\u00bbdefault\u00a0\u00bb column_element_spacing=\u00a0\u00bbdefault\u00a0\u00bb desktop_text_alignment=\u00a0\u00bbdefault\u00a0\u00bb tablet_text_alignment=\u00a0\u00bbdefault\u00a0\u00bb phone_text_alignment=\u00a0\u00bbdefault\u00a0\u00bb background_color_opacity=\u00a0\u00bb1&Prime; background_hover_color_opacity=\u00a0\u00bb1&Prime; column_backdrop_filter=\u00a0\u00bbnone\u00a0\u00bb column_shadow=\u00a0\u00bbnone\u00a0\u00bb column_border_radius=\u00a0\u00bbnone\u00a0\u00bb&#8230;<\/p>\n","protected":false},"author":3,"featured_media":0,"parent":681,"menu_order":0,"comment_status":"closed","ping_status":"closed","template":"","meta":{"footnotes":""},"class_list":["post-691","page","type-page","status-publish"],"_links":{"self":[{"href":"https:\/\/michelefrigieri.eu\/fr\/wp-json\/wp\/v2\/pages\/691","targetHints":{"allow":["GET"]}}],"collection":[{"href":"https:\/\/michelefrigieri.eu\/fr\/wp-json\/wp\/v2\/pages"}],"about":[{"href":"https:\/\/michelefrigieri.eu\/fr\/wp-json\/wp\/v2\/types\/page"}],"author":[{"embeddable":true,"href":"https:\/\/michelefrigieri.eu\/fr\/wp-json\/wp\/v2\/users\/3"}],"replies":[{"embeddable":true,"href":"https:\/\/michelefrigieri.eu\/fr\/wp-json\/wp\/v2\/comments?post=691"}],"version-history":[{"count":2,"href":"https:\/\/michelefrigieri.eu\/fr\/wp-json\/wp\/v2\/pages\/691\/revisions"}],"predecessor-version":[{"id":693,"href":"https:\/\/michelefrigieri.eu\/fr\/wp-json\/wp\/v2\/pages\/691\/revisions\/693"}],"up":[{"embeddable":true,"href":"https:\/\/michelefrigieri.eu\/fr\/wp-json\/wp\/v2\/pages\/681"}],"wp:attachment":[{"href":"https:\/\/michelefrigieri.eu\/fr\/wp-json\/wp\/v2\/media?parent=691"}],"curies":[{"name":"wp","href":"https:\/\/api.w.org\/{rel}","templated":true}]}}