{"id":703,"date":"2024-04-05T14:23:18","date_gmt":"2024-04-05T14:23:18","guid":{"rendered":"https:\/\/michelefrigieri.eu\/consultation-et-psychotherapie\/traumatisme-et-violence\/"},"modified":"2025-08-01T10:13:59","modified_gmt":"2025-08-01T10:13:59","slug":"traumatisme-et-violence","status":"publish","type":"page","link":"https:\/\/michelefrigieri.eu\/fr\/consultation-et-psychotherapie\/traumatisme-et-violence\/","title":{"rendered":"Traumatisme et violence"},"content":{"rendered":"[vc_row type=\u00a0\u00bbin_container\u00a0\u00bb full_screen_row_position=\u00a0\u00bbmiddle\u00a0\u00bb column_margin=\u00a0\u00bbdefault\u00a0\u00bb column_direction=\u00a0\u00bbdefault\u00a0\u00bb column_direction_tablet=\u00a0\u00bbdefault\u00a0\u00bb column_direction_phone=\u00a0\u00bbdefault\u00a0\u00bb scene_position=\u00a0\u00bbcenter\u00a0\u00bb text_color=\u00a0\u00bbdark\u00a0\u00bb text_align=\u00a0\u00bbleft\u00a0\u00bb row_border_radius=\u00a0\u00bbnone\u00a0\u00bb row_border_radius_applies=\u00a0\u00bbbg\u00a0\u00bb overflow=\u00a0\u00bbvisible\u00a0\u00bb overlay_strength=\u00a0\u00bb0.3&Prime; gradient_direction=\u00a0\u00bbleft_to_right\u00a0\u00bb shape_divider_position=\u00a0\u00bbbottom\u00a0\u00bb bg_image_animation=\u00a0\u00bbnone\u00a0\u00bb][vc_column top_padding_desktop=\u00a0\u00bb10%\u00a0\u00bb left_padding_desktop=\u00a0\u00bb10%\u00a0\u00bb right_padding_desktop=\u00a0\u00bb10%\u00a0\u00bb column_element_direction_desktop=\u00a0\u00bbdefault\u00a0\u00bb column_element_spacing=\u00a0\u00bbdefault\u00a0\u00bb desktop_text_alignment=\u00a0\u00bbdefault\u00a0\u00bb tablet_text_alignment=\u00a0\u00bbdefault\u00a0\u00bb phone_text_alignment=\u00a0\u00bbdefault\u00a0\u00bb background_color_opacity=\u00a0\u00bb1&Prime; background_hover_color_opacity=\u00a0\u00bb1&Prime; column_backdrop_filter=\u00a0\u00bbnone\u00a0\u00bb column_shadow=\u00a0\u00bbnone\u00a0\u00bb column_border_radius=\u00a0\u00bbnone\u00a0\u00bb column_link_target=\u00a0\u00bb_self\u00a0\u00bb column_position=\u00a0\u00bbdefault\u00a0\u00bb gradient_direction=\u00a0\u00bbleft_to_right\u00a0\u00bb overlay_strength=\u00a0\u00bb0.3&Prime; width=\u00a0\u00bb1\/1&Prime; tablet_width_inherit=\u00a0\u00bbdefault\u00a0\u00bb animation_type=\u00a0\u00bbdefault\u00a0\u00bb bg_image_animation=\u00a0\u00bbnone\u00a0\u00bb border_type=\u00a0\u00bbsimple\u00a0\u00bb column_border_width=\u00a0\u00bbnone\u00a0\u00bb column_border_style=\u00a0\u00bbsolid\u00a0\u00bb column_padding_type=\u00a0\u00bbadvanced\u00a0\u00bb gradient_type=\u00a0\u00bbdefault\u00a0\u00bb][heading]\n<h3 style=\"text-align: center;\">TRAUMATISME ET VIOLENCE<\/h3>\n[\/heading][vc_column_text css=\u00a0\u00bb\u00a0\u00bb text_direction=\u00a0\u00bbdefault\u00a0\u00bb]Le traumatisme psychologique est une blessure invisible, mais profonde, qui se d\u00e9veloppe \u00e0 la suite d\u2019\u00e9v\u00e9nements v\u00e9cus comme bouleversants, mena\u00e7ants ou d\u00e9stabilisants. Il peut r\u00e9sulter d\u2019exp\u00e9riences isol\u00e9es (traumatismes aigus) ou d\u2019expositions r\u00e9p\u00e9t\u00e9es et prolong\u00e9es (traumatismes complexes), telles que des abus, de la n\u00e9gligence, des deuils, des violences ou des relations dysfonctionnelles. Lorsqu\u2019une exp\u00e9rience d\u00e9passe la capacit\u00e9 d\u2019une personne \u00e0 la traiter et \u00e0 l\u2019int\u00e9grer, le syst\u00e8me psychique se d\u00e9sorganise, laissant des traces qui peuvent affecter l\u2019identit\u00e9, les relations, le corps et la perception du monde. Le traumatisme n\u2019est pas ce qui arrive, mais ce qui se passe \u00e0 l\u2019int\u00e9rieur en r\u00e9ponse \u00e0 cet \u00e9v\u00e9nement.<\/p>\n<p>La violence est un acte intentionnel de force, de pouvoir ou de coercition, physique ou psychologique, exerc\u00e9 sur une autre personne ou sur un groupe, qui cause ou risque fortement de provoquer des dommages physiques, mentaux, sexuels, relationnels ou \u00e9conomiques.<\/p>\n<p>La violence peut prendre plusieurs formes :<br \/>\n\u2022 Physique : coups, bousculades, usage d\u2019objets ou d\u2019armes.<br \/>\n\u2022 Psychologique : menaces, humiliations, isolement, gaslighting.<br \/>\n\u2022 Sexuelle : tout acte sexuel impos\u00e9 sans consentement.<br \/>\n\u2022 \u00c9conomique : contr\u00f4le des ressources, sabotage de l\u2019autonomie.<br \/>\n\u2022 Num\u00e9rique et relationnelle : cyberharc\u00e8lement, revenge porn, contr\u00f4le via des applications, violences dans les relations affectives.<\/p>\n<p>La violence ne se limite pas \u00e0 l\u2019\u00e9v\u00e9nement en soi, mais inclut le contexte et les dynamiques de pouvoir qui la rendent possible et persistante.<br \/>\nElle est souvent syst\u00e9mique et culturelle, nourrie par les st\u00e9r\u00e9otypes, les r\u00f4les de genre, les abus de pouvoir et les silences sociaux.[\/vc_column_text][\/vc_column][\/vc_row]\n","protected":false},"excerpt":{"rendered":"<p>[vc_row type=\u00a0\u00bbin_container\u00a0\u00bb full_screen_row_position=\u00a0\u00bbmiddle\u00a0\u00bb column_margin=\u00a0\u00bbdefault\u00a0\u00bb column_direction=\u00a0\u00bbdefault\u00a0\u00bb column_direction_tablet=\u00a0\u00bbdefault\u00a0\u00bb column_direction_phone=\u00a0\u00bbdefault\u00a0\u00bb scene_position=\u00a0\u00bbcenter\u00a0\u00bb text_color=\u00a0\u00bbdark\u00a0\u00bb text_align=\u00a0\u00bbleft\u00a0\u00bb row_border_radius=\u00a0\u00bbnone\u00a0\u00bb row_border_radius_applies=\u00a0\u00bbbg\u00a0\u00bb overflow=\u00a0\u00bbvisible\u00a0\u00bb overlay_strength=\u00a0\u00bb0.3&Prime; gradient_direction=\u00a0\u00bbleft_to_right\u00a0\u00bb shape_divider_position=\u00a0\u00bbbottom\u00a0\u00bb bg_image_animation=\u00a0\u00bbnone\u00a0\u00bb][vc_column top_padding_desktop=\u00a0\u00bb10%\u00a0\u00bb left_padding_desktop=\u00a0\u00bb10%\u00a0\u00bb right_padding_desktop=\u00a0\u00bb10%\u00a0\u00bb column_element_direction_desktop=\u00a0\u00bbdefault\u00a0\u00bb column_element_spacing=\u00a0\u00bbdefault\u00a0\u00bb desktop_text_alignment=\u00a0\u00bbdefault\u00a0\u00bb tablet_text_alignment=\u00a0\u00bbdefault\u00a0\u00bb phone_text_alignment=\u00a0\u00bbdefault\u00a0\u00bb background_color_opacity=\u00a0\u00bb1&Prime; background_hover_color_opacity=\u00a0\u00bb1&Prime; column_backdrop_filter=\u00a0\u00bbnone\u00a0\u00bb column_shadow=\u00a0\u00bbnone\u00a0\u00bb column_border_radius=\u00a0\u00bbnone\u00a0\u00bb&#8230;<\/p>\n","protected":false},"author":3,"featured_media":0,"parent":681,"menu_order":0,"comment_status":"closed","ping_status":"closed","template":"","meta":{"footnotes":""},"class_list":["post-703","page","type-page","status-publish"],"_links":{"self":[{"href":"https:\/\/michelefrigieri.eu\/fr\/wp-json\/wp\/v2\/pages\/703","targetHints":{"allow":["GET"]}}],"collection":[{"href":"https:\/\/michelefrigieri.eu\/fr\/wp-json\/wp\/v2\/pages"}],"about":[{"href":"https:\/\/michelefrigieri.eu\/fr\/wp-json\/wp\/v2\/types\/page"}],"author":[{"embeddable":true,"href":"https:\/\/michelefrigieri.eu\/fr\/wp-json\/wp\/v2\/users\/3"}],"replies":[{"embeddable":true,"href":"https:\/\/michelefrigieri.eu\/fr\/wp-json\/wp\/v2\/comments?post=703"}],"version-history":[{"count":2,"href":"https:\/\/michelefrigieri.eu\/fr\/wp-json\/wp\/v2\/pages\/703\/revisions"}],"predecessor-version":[{"id":705,"href":"https:\/\/michelefrigieri.eu\/fr\/wp-json\/wp\/v2\/pages\/703\/revisions\/705"}],"up":[{"embeddable":true,"href":"https:\/\/michelefrigieri.eu\/fr\/wp-json\/wp\/v2\/pages\/681"}],"wp:attachment":[{"href":"https:\/\/michelefrigieri.eu\/fr\/wp-json\/wp\/v2\/media?parent=703"}],"curies":[{"name":"wp","href":"https:\/\/api.w.org\/{rel}","templated":true}]}}