{"id":723,"date":"2024-08-19T12:29:22","date_gmt":"2024-08-19T12:29:22","guid":{"rendered":"https:\/\/michelefrigieri.eu\/expertises-psychologiques-judiciaires\/evaluation-de-la-personnalite-de-la-dangerosite-sociale-et-du-risque-de-recidive\/"},"modified":"2025-08-01T10:56:59","modified_gmt":"2025-08-01T10:56:59","slug":"evaluation-de-la-personnalite-de-la-dangerosite-sociale-et-du-risque-de-recidive","status":"publish","type":"page","link":"https:\/\/michelefrigieri.eu\/fr\/expertises-psychologiques-judiciaires\/evaluation-de-la-personnalite-de-la-dangerosite-sociale-et-du-risque-de-recidive\/","title":{"rendered":"\u00c9valuation de la personnalit\u00e9, de la dangerosit\u00e9 sociale et du risque de r\u00e9cidive"},"content":{"rendered":"[vc_row type=\u00a0\u00bbin_container\u00a0\u00bb full_screen_row_position=\u00a0\u00bbmiddle\u00a0\u00bb column_margin=\u00a0\u00bbdefault\u00a0\u00bb column_direction=\u00a0\u00bbdefault\u00a0\u00bb column_direction_tablet=\u00a0\u00bbdefault\u00a0\u00bb column_direction_phone=\u00a0\u00bbdefault\u00a0\u00bb scene_position=\u00a0\u00bbcenter\u00a0\u00bb text_color=\u00a0\u00bbdark\u00a0\u00bb text_align=\u00a0\u00bbleft\u00a0\u00bb row_border_radius=\u00a0\u00bbnone\u00a0\u00bb row_border_radius_applies=\u00a0\u00bbbg\u00a0\u00bb overflow=\u00a0\u00bbvisible\u00a0\u00bb overlay_strength=\u00a0\u00bb0.3&Prime; gradient_direction=\u00a0\u00bbleft_to_right\u00a0\u00bb shape_divider_position=\u00a0\u00bbbottom\u00a0\u00bb bg_image_animation=\u00a0\u00bbnone\u00a0\u00bb][vc_column top_padding_desktop=\u00a0\u00bb10%\u00a0\u00bb left_padding_desktop=\u00a0\u00bb10%\u00a0\u00bb right_padding_desktop=\u00a0\u00bb10%\u00a0\u00bb column_element_direction_desktop=\u00a0\u00bbdefault\u00a0\u00bb column_element_spacing=\u00a0\u00bbdefault\u00a0\u00bb desktop_text_alignment=\u00a0\u00bbdefault\u00a0\u00bb tablet_text_alignment=\u00a0\u00bbdefault\u00a0\u00bb phone_text_alignment=\u00a0\u00bbdefault\u00a0\u00bb background_color_opacity=\u00a0\u00bb1&Prime; background_hover_color_opacity=\u00a0\u00bb1&Prime; column_backdrop_filter=\u00a0\u00bbnone\u00a0\u00bb column_shadow=\u00a0\u00bbnone\u00a0\u00bb column_border_radius=\u00a0\u00bbnone\u00a0\u00bb column_link_target=\u00a0\u00bb_self\u00a0\u00bb column_position=\u00a0\u00bbdefault\u00a0\u00bb gradient_direction=\u00a0\u00bbleft_to_right\u00a0\u00bb overlay_strength=\u00a0\u00bb0.3&Prime; width=\u00a0\u00bb1\/1&Prime; tablet_width_inherit=\u00a0\u00bbdefault\u00a0\u00bb animation_type=\u00a0\u00bbdefault\u00a0\u00bb bg_image_animation=\u00a0\u00bbnone\u00a0\u00bb border_type=\u00a0\u00bbsimple\u00a0\u00bb column_border_width=\u00a0\u00bbnone\u00a0\u00bb column_border_style=\u00a0\u00bbsolid\u00a0\u00bb column_padding_type=\u00a0\u00bbadvanced\u00a0\u00bb gradient_type=\u00a0\u00bbdefault\u00a0\u00bb][heading]\r\n<h3 style=\"text-align: center;\">\u00c9valuation de la personnalit\u00e9, de la dangerosit\u00e9 sociale et du risque de r\u00e9cidive<\/h3>\r\n[\/heading][\/vc_column][\/vc_row][vc_row type=\u00a0\u00bbin_container\u00a0\u00bb full_screen_row_position=\u00a0\u00bbmiddle\u00a0\u00bb column_margin=\u00a0\u00bbdefault\u00a0\u00bb column_direction=\u00a0\u00bbdefault\u00a0\u00bb column_direction_tablet=\u00a0\u00bbdefault\u00a0\u00bb column_direction_phone=\u00a0\u00bbdefault\u00a0\u00bb scene_position=\u00a0\u00bbcenter\u00a0\u00bb text_color=\u00a0\u00bbdark\u00a0\u00bb text_align=\u00a0\u00bbleft\u00a0\u00bb row_border_radius=\u00a0\u00bbnone\u00a0\u00bb row_border_radius_applies=\u00a0\u00bbbg\u00a0\u00bb overflow=\u00a0\u00bbvisible\u00a0\u00bb overlay_strength=\u00a0\u00bb0.3&Prime; gradient_direction=\u00a0\u00bbleft_to_right\u00a0\u00bb shape_divider_position=\u00a0\u00bbbottom\u00a0\u00bb bg_image_animation=\u00a0\u00bbnone\u00a0\u00bb][vc_column top_padding_desktop=\u00a0\u00bb10%\u00a0\u00bb left_padding_desktop=\u00a0\u00bb10%\u00a0\u00bb right_padding_desktop=\u00a0\u00bb10%\u00a0\u00bb column_element_direction_desktop=\u00a0\u00bbdefault\u00a0\u00bb column_element_spacing=\u00a0\u00bbdefault\u00a0\u00bb desktop_text_alignment=\u00a0\u00bbdefault\u00a0\u00bb tablet_text_alignment=\u00a0\u00bbdefault\u00a0\u00bb phone_text_alignment=\u00a0\u00bbdefault\u00a0\u00bb background_color_opacity=\u00a0\u00bb1&Prime; background_hover_color_opacity=\u00a0\u00bb1&Prime; column_backdrop_filter=\u00a0\u00bbnone\u00a0\u00bb column_shadow=\u00a0\u00bbnone\u00a0\u00bb column_border_radius=\u00a0\u00bbnone\u00a0\u00bb column_link_target=\u00a0\u00bb_self\u00a0\u00bb column_position=\u00a0\u00bbdefault\u00a0\u00bb gradient_direction=\u00a0\u00bbleft_to_right\u00a0\u00bb overlay_strength=\u00a0\u00bb0.3&Prime; width=\u00a0\u00bb1\/1&Prime; tablet_width_inherit=\u00a0\u00bbdefault\u00a0\u00bb animation_type=\u00a0\u00bbdefault\u00a0\u00bb bg_image_animation=\u00a0\u00bbnone\u00a0\u00bb border_type=\u00a0\u00bbsimple\u00a0\u00bb column_border_width=\u00a0\u00bbnone\u00a0\u00bb column_border_style=\u00a0\u00bbsolid\u00a0\u00bb column_padding_type=\u00a0\u00bbadvanced\u00a0\u00bb gradient_type=\u00a0\u00bbdefault\u00a0\u00bb][vc_column_text css=\u00a0\u00bb\u00a0\u00bb text_direction=\u00a0\u00bbdefault\u00a0\u00bb]\r\n<p>L\u2019\u00e9valuation de la personnalit\u00e9 des agresseurs sexuels est fondamentale pour comprendre les traits de personnalit\u00e9, les \u00e9ventuels troubles psychologiques, le risque de r\u00e9cidive et la dangerosit\u00e9 sociale. Elle permet \u00e9galement de formuler des indications sp\u00e9cifiques en vue d\u2019un \u00e9ventuel traitement psychologique, notamment lorsqu\u2019il est ax\u00e9 sur la pr\u00e9vention du risque de r\u00e9cidive. L\u2019\u00e9valuation comprend des entretiens cliniques ainsi que l\u2019administration de tests psychodiagnostiques structur\u00e9s et projectifs. La validit\u00e9 de cette d\u00e9marche est assur\u00e9e par des outils d\u2019analyse standardis\u00e9s et reconnus scientifiquement au niveau international. Ce travail est r\u00e9alis\u00e9 en \u00e9quipe, en collaboration avec des psychoth\u00e9rapeutes sp\u00e9cialis\u00e9s en criminologie.<\/p>\r\n<p>L\u2019\u00e9valuation repr\u00e9sente aussi un moment th\u00e9rapeutique : pour de nombreux auteurs d\u2019abus, il s\u2019agit de la premi\u00e8re occasion de r\u00e9fl\u00e9chir aux motivations r\u00e9elles et profondes qui ont contribu\u00e9 \u00e0 transformer des pens\u00e9es ou fantasmes en actions concr\u00e8tes. Elle permet, en amont, d\u2019aborder la question de la responsabilit\u00e9 de ses actes, en reconnaissant et en diff\u00e9renciant les notions d\u2019abus et de violence de celles de \u00ab plaisanterie \u00bb ou de \u00ab jeu \u00bb.<\/p>\r\n<p>Les outils psychodiagnostiques pouvant \u00eatre utilis\u00e9s, choisis en fonction de chaque cas, sont :<\/p>\r\n\r\n<ul class=\"wp-block-list\">\r\n<li style=\"list-style-type: none;\">\r\n<ul class=\"wp-block-list\">\r\n<li style=\"list-style-type: none;\">\r\n<ul class=\"wp-block-list\">\r\n<li style=\"list-style-type: none;\">\r\n<ul class=\"wp-block-list\">\r\n<li><strong><a href=\"https:\/\/michelefrigieri.eu\/wais-iv-wechsler-adult-intelligence-scale-fourth-edition\/\">WAIS-IV &#8211; Wechsler Adult Intelligence Scale Fourth Edition<\/a><\/strong>;<\/li>\r\n\r\n\r\n\r\n<li><strong><a href=\"https:\/\/michelefrigieri.eu\/test-del-disegno-della-figura-umana\/\">Test du dessin de la figure humaine<\/a><\/strong>;<\/li>\r\n\r\n\r\n\r\n<li><strong><a href=\"https:\/\/michelefrigieri.eu\/test-del-disegno-della-famiglia\/\">Test du dessin de la famille;<\/a><\/strong><\/li>\r\n\r\n\r\n\r\n<li><strong><a href=\"https:\/\/michelefrigieri.eu\/t-a-t-test-di-appercezione-tematica-2\/\">T.A.T. \u2013 Test d\u2019aperception th\u00e9matique<\/a><\/strong>;<\/li>\r\n\r\n\r\n\r\n<li><strong><a href=\"https:\/\/michelefrigieri.eu\/test-di-rorschach-2\/\">Rorschach<\/a><\/strong>;<\/li>\r\n\r\n\r\n\r\n<li><strong><a href=\"https:\/\/michelefrigieri.eu\/static-99\/\">Static-99<\/a><\/strong>;<\/li>\r\n\r\n\r\n\r\n<li><strong><a href=\"https:\/\/michelefrigieri.eu\/cid-so-comprehensive-inventory-of-denial-sex-offenders-version\/\">CID-SO\u00a9 &#8211; Comprehensive Inventory of Denial- Sex Offenders Version<\/a><\/strong>;<\/li>\r\n\r\n\r\n\r\n<li><strong><a href=\"https:\/\/michelefrigieri.eu\/vasor-vermont-assessment-of-sex-offender-risk\/\">VASOR &#8211; Vermont Assessment of Sex Offender Risk<\/a><\/strong>;<\/li>\r\n\r\n\r\n\r\n<li><strong><a href=\"https:\/\/michelefrigieri.eu\/pai-personality-assessment-inventory-2\/\">PAI &#8211; Personality Assessment Inventory<\/a><\/strong>;<\/li>\r\n\r\n\r\n\r\n<li><strong><a href=\"https:\/\/michelefrigieri.eu\/cba-2-0-cognitive-behavioural-assessment-2\/\">CBA 2.0 &#8211; Cognitive Behavioural Assessment<\/a><\/strong>;<\/li>\r\n\r\n\r\n\r\n<li><strong><a href=\"https:\/\/michelefrigieri.eu\/scid-5-cv-intervista-clinica-strutturata-per-i-disturbi-del-dsm-5\/\">SCID-5-CV \u2013 Intervista Clinica Strutturata per i Disturbi del DSM-5<\/a><\/strong>;<\/li>\r\n\r\n\r\n\r\n<li><strong><a href=\"https:\/\/michelefrigieri.eu\/scl-90-r-symptom-checklist-90-r-2\/\">SCL-90-R &#8211; Symptom Checklist-90-R<\/a><\/strong>;<\/li>\r\n\r\n\r\n\r\n<li><strong><a href=\"https:\/\/michelefrigieri.eu\/tsi-trauma-symptom-inventory-2-2\/\">TSI &#8211; Trauma Symptom Inventory 2<\/a>;<\/strong><\/li>\r\n\r\n\r\n\r\n<li><strong><a href=\"https:\/\/michelefrigieri.eu\/des-ii-dissociative-experience-scale-2\/\">DES-II \u2013 Dissociative Experience Scale<\/a><\/strong>;<\/li>\r\n\r\n\r\n\r\n<li><strong><a href=\"https:\/\/michelefrigieri.eu\/ders-difficulties-in-emotion-regulation-scale-2\/\">DERS &#8211; Difficulties in Emotion Regulation Scale<\/a><\/strong>;<\/li>\r\n\r\n\r\n\r\n<li><strong><a href=\"https:\/\/michelefrigieri.eu\/ecr-r-experience-in-close-relationship-r\/\">ECR \u2013 R &#8211; Experience in Close Relationship \u2013 R<\/a><\/strong>;<\/li>\r\n\r\n\r\n\r\n<li><strong><a href=\"https:\/\/michelefrigieri.eu\/pbi-parental-bonding-instrument-2\/\">PBI &#8211; Parental Bonding Instrument<\/a><\/strong>;<\/li>\r\n\r\n\r\n\r\n<li><strong><a href=\"https:\/\/michelefrigieri.eu\/questionario-i-r-indicatori-della-condotta-aggressiva-irritabilita-e-ruminazione-dissipazione\/\">Questionario I-R. Indicatori della Condotta Aggressiva \u2013 Irritabilit\u00e0 e Ruminazione Dissipazione <\/a><\/strong>;<\/li>\r\n\r\n\r\n\r\n<li><strong>ORT \u2013 Object Relations Technique<\/strong><\/li>\r\n\r\n\r\n\r\n<li><strong><a href=\"https:\/\/michelefrigieri.eu\/sims-structured-inventory-of-malingered-symptomatology-2\/\">SIMS \u2013 Structured Inventory of Malingered Symptomatology<\/a><\/strong>;<\/li>\r\n\r\n\r\n\r\n<li><strong><a href=\"https:\/\/michelefrigieri.eu\/pcl-r-hare-psychopathy-checklist-revised\/\">PCL-R \u2013 Hare Psychopathy Checklist Revised<\/a><\/strong>;<\/li>\r\n\r\n\r\n\r\n<li><strong><a href=\"https:\/\/michelefrigieri.eu\/scala-per-rilevare-la-vividezza-delle-fantasie-sessuali\/\">Scala per rilevare la vividezza delle fantasie sessuali<\/a><\/strong>;<\/li>\r\n\r\n\r\n\r\n<li><strong><a href=\"https:\/\/michelefrigieri.eu\/hcr-20-v3-assessing-risk-of-violence\/\">HCR-20 V3 &#8211; Assessing Risk of Violence<\/a><\/strong>;<\/li>\r\n\r\n\r\n\r\n<li><strong><a href=\"https:\/\/michelefrigieri.eu\/rsvp-risk-for-sexual-violence-protocol\/\">RSVP \u2013 Risk for Sexual Violence Protocol<\/a><\/strong><\/li>\r\n<\/ul>\r\n<\/li>\r\n<\/ul>\r\n<\/li>\r\n<\/ul>\r\n<p>&nbsp;<\/p>\r\n<ul class=\"wp-block-list\">\r\n<li style=\"list-style-type: none;\">\r\n<ul class=\"wp-block-list\">\r\n<li style=\"list-style-type: none;\">\r\n<ol class=\"wp-block-list\">\r\n<li style=\"list-style-type: none;\">\u00a0<\/li>\r\n<\/ol>\r\n<\/li>\r\n<\/ul>\r\n<\/li>\r\n<\/ul>\r\n<p><!-- \/wp:post-content --><\/p>\r\n<\/li>\r\n<\/ul>\r\n[\/vc_column_text][\/vc_column][\/vc_row][vc_row type=\u00a0\u00bbin_container\u00a0\u00bb full_screen_row_position=\u00a0\u00bbmiddle\u00a0\u00bb column_margin=\u00a0\u00bbdefault\u00a0\u00bb column_direction=\u00a0\u00bbdefault\u00a0\u00bb column_direction_tablet=\u00a0\u00bbdefault\u00a0\u00bb column_direction_phone=\u00a0\u00bbdefault\u00a0\u00bb scene_position=\u00a0\u00bbcenter\u00a0\u00bb text_color=\u00a0\u00bbdark\u00a0\u00bb text_align=\u00a0\u00bbleft\u00a0\u00bb row_border_radius=\u00a0\u00bbnone\u00a0\u00bb row_border_radius_applies=\u00a0\u00bbbg\u00a0\u00bb overflow=\u00a0\u00bbvisible\u00a0\u00bb overlay_strength=\u00a0\u00bb0.3&Prime; gradient_direction=\u00a0\u00bbleft_to_right\u00a0\u00bb shape_divider_position=\u00a0\u00bbbottom\u00a0\u00bb bg_image_animation=\u00a0\u00bbnone\u00a0\u00bb][vc_column column_padding=\u00a0\u00bbno-extra-padding\u00a0\u00bb column_padding_tablet=\u00a0\u00bbinherit\u00a0\u00bb column_padding_phone=\u00a0\u00bbinherit\u00a0\u00bb column_padding_position=\u00a0\u00bball\u00a0\u00bb column_element_direction_desktop=\u00a0\u00bbdefault\u00a0\u00bb column_element_spacing=\u00a0\u00bbdefault\u00a0\u00bb desktop_text_alignment=\u00a0\u00bbdefault\u00a0\u00bb tablet_text_alignment=\u00a0\u00bbdefault\u00a0\u00bb phone_text_alignment=\u00a0\u00bbdefault\u00a0\u00bb background_color_opacity=\u00a0\u00bb1&Prime; background_hover_color_opacity=\u00a0\u00bb1&Prime; column_backdrop_filter=\u00a0\u00bbnone\u00a0\u00bb column_shadow=\u00a0\u00bbnone\u00a0\u00bb column_border_radius=\u00a0\u00bbnone\u00a0\u00bb column_link_target=\u00a0\u00bb_self\u00a0\u00bb column_position=\u00a0\u00bbdefault\u00a0\u00bb gradient_direction=\u00a0\u00bbleft_to_right\u00a0\u00bb overlay_strength=\u00a0\u00bb0.3&Prime; width=\u00a0\u00bb1\/1&Prime; tablet_width_inherit=\u00a0\u00bbdefault\u00a0\u00bb animation_type=\u00a0\u00bbdefault\u00a0\u00bb bg_image_animation=\u00a0\u00bbnone\u00a0\u00bb border_type=\u00a0\u00bbsimple\u00a0\u00bb column_border_width=\u00a0\u00bbnone\u00a0\u00bb column_border_style=\u00a0\u00bbsolid\u00a0\u00bb][vc_column_text]\r\n[\/vc_column_text][\/vc_column][\/vc_row]","protected":false},"excerpt":{"rendered":"<p>[vc_row type=\u00a0\u00bbin_container\u00a0\u00bb full_screen_row_position=\u00a0\u00bbmiddle\u00a0\u00bb column_margin=\u00a0\u00bbdefault\u00a0\u00bb column_direction=\u00a0\u00bbdefault\u00a0\u00bb column_direction_tablet=\u00a0\u00bbdefault\u00a0\u00bb column_direction_phone=\u00a0\u00bbdefault\u00a0\u00bb scene_position=\u00a0\u00bbcenter\u00a0\u00bb text_color=\u00a0\u00bbdark\u00a0\u00bb text_align=\u00a0\u00bbleft\u00a0\u00bb row_border_radius=\u00a0\u00bbnone\u00a0\u00bb row_border_radius_applies=\u00a0\u00bbbg\u00a0\u00bb overflow=\u00a0\u00bbvisible\u00a0\u00bb overlay_strength=\u00a0\u00bb0.3&Prime; gradient_direction=\u00a0\u00bbleft_to_right\u00a0\u00bb shape_divider_position=\u00a0\u00bbbottom\u00a0\u00bb bg_image_animation=\u00a0\u00bbnone\u00a0\u00bb][vc_column top_padding_desktop=\u00a0\u00bb10%\u00a0\u00bb left_padding_desktop=\u00a0\u00bb10%\u00a0\u00bb right_padding_desktop=\u00a0\u00bb10%\u00a0\u00bb column_element_direction_desktop=\u00a0\u00bbdefault\u00a0\u00bb column_element_spacing=\u00a0\u00bbdefault\u00a0\u00bb desktop_text_alignment=\u00a0\u00bbdefault\u00a0\u00bb tablet_text_alignment=\u00a0\u00bbdefault\u00a0\u00bb phone_text_alignment=\u00a0\u00bbdefault\u00a0\u00bb background_color_opacity=\u00a0\u00bb1&Prime; background_hover_color_opacity=\u00a0\u00bb1&Prime; column_backdrop_filter=\u00a0\u00bbnone\u00a0\u00bb column_shadow=\u00a0\u00bbnone\u00a0\u00bb column_border_radius=\u00a0\u00bbnone\u00a0\u00bb&#8230;<\/p>\n","protected":false},"author":3,"featured_media":0,"parent":719,"menu_order":0,"comment_status":"closed","ping_status":"closed","template":"","meta":{"footnotes":""},"class_list":["post-723","page","type-page","status-publish"],"_links":{"self":[{"href":"https:\/\/michelefrigieri.eu\/fr\/wp-json\/wp\/v2\/pages\/723","targetHints":{"allow":["GET"]}}],"collection":[{"href":"https:\/\/michelefrigieri.eu\/fr\/wp-json\/wp\/v2\/pages"}],"about":[{"href":"https:\/\/michelefrigieri.eu\/fr\/wp-json\/wp\/v2\/types\/page"}],"author":[{"embeddable":true,"href":"https:\/\/michelefrigieri.eu\/fr\/wp-json\/wp\/v2\/users\/3"}],"replies":[{"embeddable":true,"href":"https:\/\/michelefrigieri.eu\/fr\/wp-json\/wp\/v2\/comments?post=723"}],"version-history":[{"count":2,"href":"https:\/\/michelefrigieri.eu\/fr\/wp-json\/wp\/v2\/pages\/723\/revisions"}],"predecessor-version":[{"id":727,"href":"https:\/\/michelefrigieri.eu\/fr\/wp-json\/wp\/v2\/pages\/723\/revisions\/727"}],"up":[{"embeddable":true,"href":"https:\/\/michelefrigieri.eu\/fr\/wp-json\/wp\/v2\/pages\/719"}],"wp:attachment":[{"href":"https:\/\/michelefrigieri.eu\/fr\/wp-json\/wp\/v2\/media?parent=723"}],"curies":[{"name":"wp","href":"https:\/\/api.w.org\/{rel}","templated":true}]}}