{"id":725,"date":"2024-08-19T12:24:51","date_gmt":"2024-08-19T12:24:51","guid":{"rendered":"https:\/\/michelefrigieri.eu\/expertises-psychologiques-judiciaires\/evaluation-du-dommage-psychique\/"},"modified":"2025-08-01T14:23:52","modified_gmt":"2025-08-01T14:23:52","slug":"evaluation-du-dommage-psychique","status":"publish","type":"page","link":"https:\/\/michelefrigieri.eu\/fr\/expertises-psychologiques-judiciaires\/evaluation-du-dommage-psychique\/","title":{"rendered":"\u00c9valuation du dommage psychique"},"content":{"rendered":"[vc_row type=\u00a0\u00bbin_container\u00a0\u00bb full_screen_row_position=\u00a0\u00bbmiddle\u00a0\u00bb column_margin=\u00a0\u00bbdefault\u00a0\u00bb column_direction=\u00a0\u00bbdefault\u00a0\u00bb column_direction_tablet=\u00a0\u00bbdefault\u00a0\u00bb column_direction_phone=\u00a0\u00bbdefault\u00a0\u00bb scene_position=\u00a0\u00bbcenter\u00a0\u00bb top_padding=\u00a0\u00bb4%\u00a0\u00bb bottom_padding=\u00a0\u00bb9%\u00a0\u00bb left_padding_desktop=\u00a0\u00bb10%\u00a0\u00bb right_padding_desktop=\u00a0\u00bb10%\u00a0\u00bb text_color=\u00a0\u00bbdark\u00a0\u00bb text_align=\u00a0\u00bbleft\u00a0\u00bb row_border_radius=\u00a0\u00bbnone\u00a0\u00bb row_border_radius_applies=\u00a0\u00bbbg\u00a0\u00bb overflow=\u00a0\u00bbvisible\u00a0\u00bb overlay_strength=\u00a0\u00bb0.3&Prime; gradient_direction=\u00a0\u00bbleft_to_right\u00a0\u00bb shape_divider_position=\u00a0\u00bbbottom\u00a0\u00bb bg_image_animation=\u00a0\u00bbnone\u00a0\u00bb gradient_type=\u00a0\u00bbdefault\u00a0\u00bb shape_type=\u00a0\u00bb\u00a0\u00bb][vc_column column_padding=\u00a0\u00bbno-extra-padding\u00a0\u00bb column_padding_tablet=\u00a0\u00bbinherit\u00a0\u00bb column_padding_phone=\u00a0\u00bbinherit\u00a0\u00bb column_padding_position=\u00a0\u00bball\u00a0\u00bb column_element_direction_desktop=\u00a0\u00bbdefault\u00a0\u00bb column_element_spacing=\u00a0\u00bbdefault\u00a0\u00bb desktop_text_alignment=\u00a0\u00bbdefault\u00a0\u00bb tablet_text_alignment=\u00a0\u00bbdefault\u00a0\u00bb phone_text_alignment=\u00a0\u00bbdefault\u00a0\u00bb background_color_opacity=\u00a0\u00bb1&Prime; background_hover_color_opacity=\u00a0\u00bb1&Prime; column_backdrop_filter=\u00a0\u00bbnone\u00a0\u00bb column_shadow=\u00a0\u00bbnone\u00a0\u00bb column_border_radius=\u00a0\u00bbnone\u00a0\u00bb column_link_target=\u00a0\u00bb_self\u00a0\u00bb column_position=\u00a0\u00bbdefault\u00a0\u00bb gradient_direction=\u00a0\u00bbleft_to_right\u00a0\u00bb overlay_strength=\u00a0\u00bb0.3&Prime; width=\u00a0\u00bb1\/1&Prime; tablet_width_inherit=\u00a0\u00bbdefault\u00a0\u00bb animation_type=\u00a0\u00bbdefault\u00a0\u00bb bg_image_animation=\u00a0\u00bbnone\u00a0\u00bb border_type=\u00a0\u00bbsimple\u00a0\u00bb column_border_width=\u00a0\u00bbnone\u00a0\u00bb column_border_style=\u00a0\u00bbsolid\u00a0\u00bb][vc_column_text css=\u00a0\u00bb.vc_custom_1754058232955{padding-top: 5% !important;}\u00a0\u00bb text_direction=\u00a0\u00bbdefault\u00a0\u00bb]\n<h3><strong>\u00c9valuation du dommage psychique <\/strong><\/h3>\n<p>&nbsp;<\/p>\n<p>L\u2019\u00e9valuation du dommage psychique a pour objectif de recueillir des informations et des \u00e9l\u00e9ments symptomatologiques manifestes pouvant \u00eatre directement li\u00e9s \u00e0 un fait potentiellement dommageable. Le dommage psychique peut \u00eatre d\u00e9fini comme une r\u00e9duction durable et objective d\u2019une ou plusieurs fonctions de la psych\u00e9 de la personne, au point d\u2019emp\u00eacher la victime d\u2019assumer, totalement ou partiellement, ses activit\u00e9s ordinaires de la vie, entendues comme des aspects dynamique-relationnels communs \u00e0 tous. L\u2019\u00e9valuation rassemble des informations diverses provenant de plusieurs sources, en tenant compte \u00e9galement de la sp\u00e9cificit\u00e9 de la condition pr\u00e9existante au fait dommageable. La m\u00e9thodologie comprend des entretiens cliniques, la collecte de donn\u00e9es anamnestiques, des tests projectifs, des tests structur\u00e9s, des interviews et l\u2019analyse \u00e9ventuelle de la documentation m\u00e9dico-clinique. L\u2019objectif est d\u2019examiner en profondeur la structure de la personnalit\u00e9, la symptomatologie clinique g\u00e9n\u00e9rale et sp\u00e9cifique, la pr\u00e9sence \u00e9ventuelle d\u2019un trouble de stress post-traumatique, l\u2019intelligence et les fonctions mentales primaires de la pens\u00e9e, la qualit\u00e9 des relations et les \u00e9tats \u00e9motionnels et affectifs.<\/p>\n<p>On entend par\u00a0:<\/p>\n<ul>\n<li><strong>Dommage psychique<\/strong> &#8211; une condition pathologique de perturbation de la structure psychique, avec une modification qualitative et quantitative significative des composantes psychiques primaires (affectivit\u00e9, m\u00e9canismes de d\u00e9fense, ton de l\u2019humeur, pulsions) ;<\/li>\n<li><strong>Dommage existentiel<\/strong> &#8211; une alt\u00e9ration aggravante des aspects individuels (personnalit\u00e9, adaptation et autonomie) et sociaux (relations familiales, affectives et d\u2019accomplissement personnel) qui influencent la qualit\u00e9 de vie, la capacit\u00e9 de projet et les attentes ;<\/li>\n<li><strong>Dommage moral<\/strong> &#8211; la souffrance psychique et l\u2019\u00e9tat de tristesse caus\u00e9s par le traumatisme.<\/li>\n<\/ul>\n<p>Les outils psychodiagnostiques pouvant \u00eatre utilis\u00e9s, choisis en fonction du cas, sont :<\/p>\n<ul>\n<li><a href=\"https:\/\/michelefrigieri.eu\/wais-iv-wechsler-adult-intelligence-scale-fourth-edition\/\">WAIS-IV \u2013 Wechsler Adult Intelligence Scale Fourth Edition<\/a> ;<\/li>\n<li><a href=\"https:\/\/michelefrigieri.eu\/test-del-disegno-della-famiglia\/\">Test du dessin de la famille<\/a>\u00a0;<\/li>\n<li><a href=\"https:\/\/michelefrigieri.eu\/t-a-t-test-di-appercezione-tematica-2\/\">A.T. \u2013 Test d\u2019aperception th\u00e9matique<\/a>\u00a0;<\/li>\n<li><a href=\"https:\/\/michelefrigieri.eu\/test-di-rorschach-2\/\">Rorschach<\/a>;<\/li>\n<li><a href=\"https:\/\/michelefrigieri.eu\/pai-personality-assessment-inventory-2\/\">PAI \u2013 Personality Assessment Inventory<\/a>;<\/li>\n<li><a href=\"https:\/\/michelefrigieri.eu\/cba-2-0-cognitive-behavioural-assessment-2\/\">CBA 2.0 \u2013 Cognitive Behavioural Assessment<\/a>;<\/li>\n<li><a href=\"https:\/\/michelefrigieri.eu\/scl-90-r-symptom-checklist-90-r\/\">SCL-90-R \u2013 Symptom Checklist-90-R<\/a>;<\/li>\n<li><a href=\"https:\/\/michelefrigieri.eu\/tsi-trauma-symptom-inventory-2-2\/\">TSI \u2013 Trauma Symptom Inventory 2<\/a>;<\/li>\n<li><a href=\"https:\/\/michelefrigieri.eu\/des-ii-dissociative-experience-scale-2\/\">DES-II \u2013 Dissociative Experience Scale<\/a>;<\/li>\n<li><a href=\"https:\/\/michelefrigieri.eu\/ders-difficulties-in-emotion-regulation-scale-2\/\">DERS \u2013 Difficulties in Emotion Regulation Scale<\/a>;<\/li>\n<li><a href=\"https:\/\/michelefrigieri.eu\/pbi-parental-bonding-instrument-2\/\">PBI \u2013 Parental Bonding Instrument<\/a>;<\/li>\n<li><a href=\"https:\/\/michelefrigieri.eu\/ort-object-relations-technique\/\">ORT \u2013 Object Relations Technique<\/a>;<\/li>\n<li><a href=\"https:\/\/michelefrigieri.eu\/sims-structured-inventory-of-malingered-symptomatology-2\/\">SIMS \u2013 Structured Inventory of Malingered Symptomatology<\/a>;<\/li>\n<li><a href=\"https:\/\/michelefrigieri.eu\/bai-beck-anxiety-inventory-bai\/\">BAI \u2013 Beck Anxiety Inventory (BAI)<\/a>;<\/li>\n<li><a href=\"https:\/\/michelefrigieri.eu\/bdi-beck-depression-inventory\/\">BDI \u2013 Beck Depression Inventory<\/a>;<\/li>\n<li><a href=\"https:\/\/michelefrigieri.eu\/ptsd-check-list-v-pcl-v\/\">PTSD Check list-V (PCL-V)<\/a>;<\/li>\n<li><a href=\"https:\/\/michelefrigieri.eu\/caps-clinician-administered-ptsd-scale\/\">CAPS \u2013 Clinician- Administered PTSD Scale<\/a>;<\/li>\n<li><a href=\"https:\/\/michelefrigieri.eu\/pg-13-prolonged-grief\/\">PG-13 Prolonged Grief<\/a>;<\/li>\n<li><a href=\"https:\/\/michelefrigieri.eu\/sdq-sleep-disorders-questionnaire\/\">SDQ \u2013 Sleep Disorders Questionnaire<\/a>;<\/li>\n<li><a href=\"https:\/\/michelefrigieri.eu\/pss-scala-per-lo-stress-percepito\/\">PSS \u2013 Scala per lo Stress Percepito<\/a>;<\/li>\n<li><a href=\"https:\/\/michelefrigieri.eu\/cope-nvi-coping-oprientation-to-problems-experienced\/\">COPE-NVI \u2013 Coping Oprientation to Problems Experienced<\/a>.<\/li>\n<\/ul>\n[\/vc_column_text][\/vc_column][\/vc_row]\n","protected":false},"excerpt":{"rendered":"<p>[vc_row type=\u00a0\u00bbin_container\u00a0\u00bb full_screen_row_position=\u00a0\u00bbmiddle\u00a0\u00bb column_margin=\u00a0\u00bbdefault\u00a0\u00bb column_direction=\u00a0\u00bbdefault\u00a0\u00bb column_direction_tablet=\u00a0\u00bbdefault\u00a0\u00bb column_direction_phone=\u00a0\u00bbdefault\u00a0\u00bb scene_position=\u00a0\u00bbcenter\u00a0\u00bb top_padding=\u00a0\u00bb4%\u00a0\u00bb bottom_padding=\u00a0\u00bb9%\u00a0\u00bb left_padding_desktop=\u00a0\u00bb10%\u00a0\u00bb right_padding_desktop=\u00a0\u00bb10%\u00a0\u00bb text_color=\u00a0\u00bbdark\u00a0\u00bb text_align=\u00a0\u00bbleft\u00a0\u00bb row_border_radius=\u00a0\u00bbnone\u00a0\u00bb row_border_radius_applies=\u00a0\u00bbbg\u00a0\u00bb overflow=\u00a0\u00bbvisible\u00a0\u00bb overlay_strength=\u00a0\u00bb0.3&Prime; gradient_direction=\u00a0\u00bbleft_to_right\u00a0\u00bb shape_divider_position=\u00a0\u00bbbottom\u00a0\u00bb bg_image_animation=\u00a0\u00bbnone\u00a0\u00bb gradient_type=\u00a0\u00bbdefault\u00a0\u00bb shape_type=\u00a0\u00bb\u00a0\u00bb][vc_column column_padding=\u00a0\u00bbno-extra-padding\u00a0\u00bb column_padding_tablet=\u00a0\u00bbinherit\u00a0\u00bb column_padding_phone=\u00a0\u00bbinherit\u00a0\u00bb column_padding_position=\u00a0\u00bball\u00a0\u00bb column_element_direction_desktop=\u00a0\u00bbdefault\u00a0\u00bb column_element_spacing=\u00a0\u00bbdefault\u00a0\u00bb desktop_text_alignment=\u00a0\u00bbdefault\u00a0\u00bb&#8230;<\/p>\n","protected":false},"author":3,"featured_media":0,"parent":719,"menu_order":0,"comment_status":"closed","ping_status":"closed","template":"","meta":{"footnotes":""},"class_list":["post-725","page","type-page","status-publish"],"_links":{"self":[{"href":"https:\/\/michelefrigieri.eu\/fr\/wp-json\/wp\/v2\/pages\/725","targetHints":{"allow":["GET"]}}],"collection":[{"href":"https:\/\/michelefrigieri.eu\/fr\/wp-json\/wp\/v2\/pages"}],"about":[{"href":"https:\/\/michelefrigieri.eu\/fr\/wp-json\/wp\/v2\/types\/page"}],"author":[{"embeddable":true,"href":"https:\/\/michelefrigieri.eu\/fr\/wp-json\/wp\/v2\/users\/3"}],"replies":[{"embeddable":true,"href":"https:\/\/michelefrigieri.eu\/fr\/wp-json\/wp\/v2\/comments?post=725"}],"version-history":[{"count":12,"href":"https:\/\/michelefrigieri.eu\/fr\/wp-json\/wp\/v2\/pages\/725\/revisions"}],"predecessor-version":[{"id":743,"href":"https:\/\/michelefrigieri.eu\/fr\/wp-json\/wp\/v2\/pages\/725\/revisions\/743"}],"up":[{"embeddable":true,"href":"https:\/\/michelefrigieri.eu\/fr\/wp-json\/wp\/v2\/pages\/719"}],"wp:attachment":[{"href":"https:\/\/michelefrigieri.eu\/fr\/wp-json\/wp\/v2\/media?parent=725"}],"curies":[{"name":"wp","href":"https:\/\/api.w.org\/{rel}","templated":true}]}}